{"id":1073,"date":"2022-10-25T10:08:09","date_gmt":"2022-10-25T10:08:09","guid":{"rendered":"https:\/\/vitroslab.al\/?page_id=1073"},"modified":"2022-10-27T11:04:17","modified_gmt":"2022-10-27T11:04:17","slug":"analiza-mikrobiologjike-te-mishit-dhe-produkteve-te-tij","status":"publish","type":"page","link":"https:\/\/vitroslab.al\/en\/mikrobiologjia-e-ushqimit\/analiza-mikrobiologjike-te-mishit-dhe-produkteve-te-tij\/","title":{"rendered":"Microbiological analysis of meat and its products"},"content":{"rendered":"<div data-elementor-type=\"wp-page\" data-elementor-id=\"1073\" class=\"elementor elementor-1073\">\n\t\t\t\t\t\t\t\t\t<section class=\"elementor-section elementor-top-section elementor-element elementor-element-6df800dc elementor-section-content-middle elementor-section-boxed elementor-section-height-default elementor-section-height-default\" data-id=\"6df800dc\" data-element_type=\"section\" data-settings=\"{&quot;background_background&quot;:&quot;classic&quot;}\">\n\t\t\t\t\t\t\t<div class=\"elementor-background-overlay\"><\/div>\n\t\t\t\t\t\t\t<div class=\"elementor-container elementor-column-gap-default\">\n\t\t\t\t\t<div class=\"elementor-column elementor-col-100 elementor-top-column elementor-element elementor-element-4eb7d663\" data-id=\"4eb7d663\" data-element_type=\"column\">\n\t\t\t<div class=\"elementor-widget-wrap elementor-element-populated\">\n\t\t\t\t\t\t\t\t<div class=\"elementor-element elementor-element-72a50b3a elementor-widget elementor-widget-heading\" data-id=\"72a50b3a\" data-element_type=\"widget\" data-widget_type=\"heading.default\">\n\t\t\t\t<div class=\"elementor-widget-container\">\n\t\t\t<style>\/*! elementor - v3.9.1 - 14-12-2022 *\/\n.elementor-heading-title{padding:0;margin:0;line-height:1}.elementor-widget-heading .elementor-heading-title[class*=elementor-size-]>a{color:inherit;font-size:inherit;line-height:inherit}.elementor-widget-heading .elementor-heading-title.elementor-size-small{font-size:15px}.elementor-widget-heading .elementor-heading-title.elementor-size-medium{font-size:19px}.elementor-widget-heading .elementor-heading-title.elementor-size-large{font-size:29px}.elementor-widget-heading .elementor-heading-title.elementor-size-xl{font-size:39px}.elementor-widget-heading .elementor-heading-title.elementor-size-xxl{font-size:59px}<\/style><h1 class=\"elementor-heading-title elementor-size-default\">Microbiological analysis of meat and its products<\/h1>\t\t<\/div>\n\t\t\t\t<\/div>\n\t\t\t\t\t<\/div>\n\t\t<\/div>\n\t\t\t\t\t\t\t<\/div>\n\t\t<\/section>\n\t\t\t\t<section class=\"elementor-section elementor-top-section elementor-element elementor-element-590ba347 elementor-section-boxed elementor-section-height-default elementor-section-height-default\" data-id=\"590ba347\" data-element_type=\"section\">\n\t\t\t\t\t\t<div class=\"elementor-container elementor-column-gap-default\">\n\t\t\t\t\t<div class=\"elementor-column elementor-col-100 elementor-top-column elementor-element elementor-element-42d52807\" data-id=\"42d52807\" data-element_type=\"column\">\n\t\t\t<div class=\"elementor-widget-wrap elementor-element-populated\">\n\t\t\t\t\t\t\t\t<div class=\"elementor-element elementor-element-41736427 elementor-widget elementor-widget-text-editor\" data-id=\"41736427\" data-element_type=\"widget\" data-widget_type=\"text-editor.default\">\n\t\t\t\t<div class=\"elementor-widget-container\">\n\t\t\t<style>\/*! elementor - v3.9.1 - 14-12-2022 *\/\n.elementor-widget-text-editor.elementor-drop-cap-view-stacked .elementor-drop-cap{background-color:#818a91;color:#fff}.elementor-widget-text-editor.elementor-drop-cap-view-framed .elementor-drop-cap{color:#818a91;border:3px solid;background-color:transparent}.elementor-widget-text-editor:not(.elementor-drop-cap-view-default) .elementor-drop-cap{margin-top:8px}.elementor-widget-text-editor:not(.elementor-drop-cap-view-default) .elementor-drop-cap-letter{width:1em;height:1em}.elementor-widget-text-editor .elementor-drop-cap{float:left;text-align:center;line-height:1;font-size:50px}.elementor-widget-text-editor .elementor-drop-cap-letter{display:inline-block}<\/style>\t\t\t\t<!-- wp:table -->\n<figure class=\"wp-block-table\">\n<table>\n<tbody>\n<tr>\n<td>Meat and by-products<\/td>\n<td><strong>Dedection of Listeria monocytogenes<\/strong><\/td>\n<\/tr>\n<tr>\n<td>Minced meat and prepared products<\/td>\n<td><strong>Dedection of Listeria monocytogenes<\/strong><\/td>\n<\/tr>\n<tr>\n<td>Produkte me baz\u00eb mish pule me q\u00ebllim t\u00eb konsumohen t\u00eb gatuar<\/td>\n<td><strong>Dedection of Listeria monocytogenes<\/strong><\/td>\n<\/tr>\n<tr>\n<td>Produkte mishi me q\u00ebllim t\u00eb konsumohen t\u00eb pagatuar <br \/>Mish dhe produktet e tij p\u00ebr konsum human<\/td>\n<td><strong>Dedection of Listeria monocytogenes<\/strong><br \/><strong>Colony at 30\u00baC<\/strong><\/td>\n<\/tr>\n<tr>\n<td>Meat and by-products<\/td>\n<td><strong>Bacillus cereus<\/strong><\/td>\n<\/tr>\n<tr>\n<td>Meat and by-products<\/td>\n<td><strong>Shigella spp.<\/strong><\/td>\n<\/tr>\n<tr>\n<td>Meat and by-products<\/td>\n<td><strong>Escherichia Coli<\/strong><\/td>\n<\/tr>\n<tr>\n<td>Meat and by-products<\/td>\n<td><strong>Coliform<\/strong><\/td>\n<\/tr>\n<tr>\n<td>Meat and its products for human consumption<\/td>\n<td><strong>Enumeration of coagulase-positive Staphylococci<\/strong>v<\/td>\n<\/tr>\n<tr>\n<td>Fresh foods or dry foods for animals<\/td>\n<td><strong>Enumeration of coagulase-positive Staphylococci<\/strong><\/td>\n<\/tr>\n<tr>\n<td>Foods based on meat and its by-products<\/td>\n<td><strong>Salmonella spp<\/strong><\/td>\n<\/tr>\n<tr>\n<td>Meat and by-products<\/td>\n<td><strong>Clostridium perfringenes<\/strong><\/td>\n<\/tr>\n<\/tbody>\n<\/table>\n<\/figure>\n<!-- \/wp:table -->\t\t\t\t\t\t<\/div>\n\t\t\t\t<\/div>\n\t\t\t\t\t<\/div>\n\t\t<\/div>\n\t\t\t\t\t\t\t<\/div>\n\t\t<\/section>\n\t\t\t\t\t\t\t<\/div>","protected":false},"excerpt":{"rendered":"<p>Analiza mikrobiologjike t\u00eb mishit dhe produkteve t\u00eb tij Mish e n\u00ebnprodukte Zbulimi i Listeria monocytogenes Mish i grir\u00eb dhe produkte t\u00eb p\u00ebrgatitur Zbulimi i Listeria monocytogenes Produkte me baz\u00eb mish pule me q\u00ebllim t\u00eb konsumohen t\u00eb gatuar Zbulimi i Listeria monocytogenes Produkte mishi me q\u00ebllim t\u00eb konsumohen t\u00eb pagatuar Mish dhe produktet e tij p\u00ebr &hellip;<\/p>\n<p class=\"read-more\"> <a class=\"\" href=\"https:\/\/vitroslab.al\/en\/mikrobiologjia-e-ushqimit\/analiza-mikrobiologjike-te-mishit-dhe-produkteve-te-tij\/\"> <span class=\"screen-reader-text\">Microbiological analysis of meat and its products<\/span> Read More &raquo;<\/a><\/p>","protected":false},"author":1,"featured_media":0,"parent":507,"menu_order":0,"comment_status":"closed","ping_status":"closed","template":"","meta":{"site-sidebar-layout":"no-sidebar","site-content-layout":"page-builder","ast-global-header-display":"","ast-main-header-display":"","ast-hfb-above-header-display":"","ast-hfb-below-header-display":"","ast-hfb-mobile-header-display":"","site-post-title":"disabled","ast-breadcrumbs-content":"","ast-featured-img":"disabled","footer-sml-layout":"","theme-transparent-header-meta":"default","adv-header-id-meta":"","stick-header-meta":"","header-above-stick-meta":"","header-main-stick-meta":"","header-below-stick-meta":"","footnotes":""},"class_list":["post-1073","page","type-page","status-publish","hentry"],"_links":{"self":[{"href":"https:\/\/vitroslab.al\/en\/wp-json\/wp\/v2\/pages\/1073","targetHints":{"allow":["GET"]}}],"collection":[{"href":"https:\/\/vitroslab.al\/en\/wp-json\/wp\/v2\/pages"}],"about":[{"href":"https:\/\/vitroslab.al\/en\/wp-json\/wp\/v2\/types\/page"}],"author":[{"embeddable":true,"href":"https:\/\/vitroslab.al\/en\/wp-json\/wp\/v2\/users\/1"}],"replies":[{"embeddable":true,"href":"https:\/\/vitroslab.al\/en\/wp-json\/wp\/v2\/comments?post=1073"}],"version-history":[{"count":14,"href":"https:\/\/vitroslab.al\/en\/wp-json\/wp\/v2\/pages\/1073\/revisions"}],"predecessor-version":[{"id":1224,"href":"https:\/\/vitroslab.al\/en\/wp-json\/wp\/v2\/pages\/1073\/revisions\/1224"}],"up":[{"embeddable":true,"href":"https:\/\/vitroslab.al\/en\/wp-json\/wp\/v2\/pages\/507"}],"wp:attachment":[{"href":"https:\/\/vitroslab.al\/en\/wp-json\/wp\/v2\/media?parent=1073"}],"curies":[{"name":"wp","href":"https:\/\/api.w.org\/{rel}","templated":true}]}}