{"id":1063,"date":"2022-10-25T09:56:53","date_gmt":"2022-10-25T09:56:53","guid":{"rendered":"https:\/\/vitroslab.al\/?page_id=1063"},"modified":"2022-10-25T14:44:20","modified_gmt":"2022-10-25T14:44:20","slug":"analiza-mikrobiologjike-te-peshkut-dhe-produkteve-te-tij","status":"publish","type":"page","link":"https:\/\/vitroslab.al\/en\/mikrobiologjia-e-ushqimit\/analiza-mikrobiologjike-te-peshkut-dhe-produkteve-te-tij\/","title":{"rendered":"Microbiological analysis of fish and its products"},"content":{"rendered":"<div data-elementor-type=\"wp-page\" data-elementor-id=\"1063\" class=\"elementor elementor-1063\">\n\t\t\t\t\t\t\t\t\t<section class=\"elementor-section elementor-top-section elementor-element elementor-element-1a222f04 elementor-section-content-middle elementor-section-boxed elementor-section-height-default elementor-section-height-default\" data-id=\"1a222f04\" data-element_type=\"section\" data-settings=\"{&quot;background_background&quot;:&quot;classic&quot;}\">\n\t\t\t\t\t\t\t<div class=\"elementor-background-overlay\"><\/div>\n\t\t\t\t\t\t\t<div class=\"elementor-container elementor-column-gap-default\">\n\t\t\t\t\t<div class=\"elementor-column elementor-col-100 elementor-top-column elementor-element elementor-element-48a81d0\" data-id=\"48a81d0\" data-element_type=\"column\">\n\t\t\t<div class=\"elementor-widget-wrap elementor-element-populated\">\n\t\t\t\t\t\t\t\t<div class=\"elementor-element elementor-element-5c8f3f73 elementor-widget elementor-widget-heading\" data-id=\"5c8f3f73\" data-element_type=\"widget\" data-widget_type=\"heading.default\">\n\t\t\t\t<div class=\"elementor-widget-container\">\n\t\t\t<style>\/*! elementor - v3.9.1 - 14-12-2022 *\/\n.elementor-heading-title{padding:0;margin:0;line-height:1}.elementor-widget-heading .elementor-heading-title[class*=elementor-size-]>a{color:inherit;font-size:inherit;line-height:inherit}.elementor-widget-heading .elementor-heading-title.elementor-size-small{font-size:15px}.elementor-widget-heading .elementor-heading-title.elementor-size-medium{font-size:19px}.elementor-widget-heading .elementor-heading-title.elementor-size-large{font-size:29px}.elementor-widget-heading .elementor-heading-title.elementor-size-xl{font-size:39px}.elementor-widget-heading .elementor-heading-title.elementor-size-xxl{font-size:59px}<\/style><h1 class=\"elementor-heading-title elementor-size-default\">Microbiological analysis of fish and its products<\/h1>\t\t<\/div>\n\t\t\t\t<\/div>\n\t\t\t\t\t<\/div>\n\t\t<\/div>\n\t\t\t\t\t\t\t<\/div>\n\t\t<\/section>\n\t\t\t\t<section class=\"elementor-section elementor-top-section elementor-element elementor-element-22945a99 elementor-section-boxed elementor-section-height-default elementor-section-height-default\" data-id=\"22945a99\" data-element_type=\"section\">\n\t\t\t\t\t\t<div class=\"elementor-container elementor-column-gap-default\">\n\t\t\t\t\t<div class=\"elementor-column elementor-col-100 elementor-top-column elementor-element elementor-element-1b27fd94\" data-id=\"1b27fd94\" data-element_type=\"column\">\n\t\t\t<div class=\"elementor-widget-wrap elementor-element-populated\">\n\t\t\t\t\t\t\t\t<div class=\"elementor-element elementor-element-461b958f elementor-widget elementor-widget-text-editor\" data-id=\"461b958f\" data-element_type=\"widget\" data-widget_type=\"text-editor.default\">\n\t\t\t\t<div class=\"elementor-widget-container\">\n\t\t\t<style>\/*! elementor - v3.9.1 - 14-12-2022 *\/\n.elementor-widget-text-editor.elementor-drop-cap-view-stacked .elementor-drop-cap{background-color:#818a91;color:#fff}.elementor-widget-text-editor.elementor-drop-cap-view-framed .elementor-drop-cap{color:#818a91;border:3px solid;background-color:transparent}.elementor-widget-text-editor:not(.elementor-drop-cap-view-default) .elementor-drop-cap{margin-top:8px}.elementor-widget-text-editor:not(.elementor-drop-cap-view-default) .elementor-drop-cap-letter{width:1em;height:1em}.elementor-widget-text-editor .elementor-drop-cap{float:left;text-align:center;line-height:1;font-size:50px}.elementor-widget-text-editor .elementor-drop-cap-letter{display:inline-block}<\/style>\t\t\t\t<!-- wp:table -->\n<figure class=\"wp-block-table\"><table><tbody><tr><td class=\"has-text-align-center\" data-align=\"center\">Crustaceans, thermally treated molluscs<\/td><td class=\"has-text-align-center\" data-align=\"center\"><strong>Dedection of Listeria monocytogenes<\/strong><\/td><\/tr><tr><td class=\"has-text-align-center\" data-align=\"center\">Fish and seafood<\/td><td class=\"has-text-align-center\" data-align=\"center\"><strong>Dedection of Listeria monocytogenes<\/strong><\/td><\/tr><tr><td class=\"has-text-align-center\" data-align=\"center\">Fresh fish from fresh, mixed, salt water and fish by-products<br><\/td><td class=\"has-text-align-center\" data-align=\"center\"><strong>Dedection of Listeria monocytogenes<\/strong><\/td><\/tr><tr><td class=\"has-text-align-center\" data-align=\"center\">Canned fish<\/td><td class=\"has-text-align-center\" data-align=\"center\"><strong>Dedection of Listeria monocytogenes<\/strong><\/td><\/tr><tr><td class=\"has-text-align-center\" data-align=\"center\">Frozen or canned seafood<br>Fresh and processed plant foods for human consumption<\/td><td class=\"has-text-align-center\" data-align=\"center\"><strong>Dedection of Listeria monocytogenes<\/strong><br><strong>Salmonella spp<\/strong><\/td><\/tr><tr><td class=\"has-text-align-center\" data-align=\"center\">Fresh and processed plant foods for human consumption<\/td><td class=\"has-text-align-center\" data-align=\"center\"><strong>Colony at 30\u00baC<\/strong><\/td><\/tr><tr><td class=\"has-text-align-center\" data-align=\"center\">Bivalve molluscs, marine gastropods, tunicates, echinoderms and in-shell crustaceans<\/td><td class=\"has-text-align-center\" data-align=\"center\"><strong>Escherichia Coli<\/strong><\/td><\/tr><tr><td class=\"has-text-align-center\" data-align=\"center\">Fish<\/td><td class=\"has-text-align-center\" data-align=\"center\"><strong>Bacillus cereus<\/strong><\/td><\/tr><tr><td class=\"has-text-align-center\" data-align=\"center\">Fresh and processed plant foods for human consumption<\/td><td class=\"has-text-align-center\" data-align=\"center\"><strong>Enumeration of coagulase-positive Staphylococci<\/strong><\/td><\/tr><tr><td class=\"has-text-align-center\" data-align=\"center\">Bivalve molluscs, marine gastropods, tunicates, echinoderms and in-shell crustaceans<\/td><td class=\"has-text-align-center\" data-align=\"center\"><strong>Vibrio spp<\/strong><\/td><\/tr><tr><td class=\"has-text-align-center\" data-align=\"center\">Fish<\/td><td class=\"has-text-align-center\" data-align=\"center\"><strong>Shigella spp.<\/strong><\/td><\/tr><tr><td class=\"has-text-align-center\" data-align=\"center\">Fish and seafood<\/td><td class=\"has-text-align-center\" data-align=\"center\"><strong>Escherichia Coli<\/strong><\/td><\/tr><\/tbody><\/table><\/figure>\n<!-- \/wp:table -->\t\t\t\t\t\t<\/div>\n\t\t\t\t<\/div>\n\t\t\t\t\t<\/div>\n\t\t<\/div>\n\t\t\t\t\t\t\t<\/div>\n\t\t<\/section>\n\t\t\t\t\t\t\t<\/div>","protected":false},"excerpt":{"rendered":"<p>Analiza mikrobiologjike t\u00eb peshkut dhe produkteve t\u00eb tij Krustace, molusqe t\u00eb trajtuar termikisht Zbulimi i Listeria monocytogenes Peshk dhe podhime deti Zbulimi i Listeria monocytogenes Peshk i fresk\u00ebt nga uj\u00ebra t\u00eb \u00ebmbla, t\u00eb p\u00ebrzier, t\u00eb kripura dhe n\u00ebnpordukte t\u00eb peshkut Zbulimi i Listeria monocytogenes Peshk n\u00eb konserv\u00eb Zbulimi i Listeria monocytogenes Prodhime deti t\u00eb ngrira &hellip;<\/p>\n<p class=\"read-more\"> <a class=\"\" href=\"https:\/\/vitroslab.al\/en\/mikrobiologjia-e-ushqimit\/analiza-mikrobiologjike-te-peshkut-dhe-produkteve-te-tij\/\"> <span class=\"screen-reader-text\">Microbiological analysis of fish and its products<\/span> Read More &raquo;<\/a><\/p>","protected":false},"author":1,"featured_media":0,"parent":507,"menu_order":0,"comment_status":"closed","ping_status":"closed","template":"","meta":{"site-sidebar-layout":"no-sidebar","site-content-layout":"page-builder","ast-global-header-display":"","ast-main-header-display":"","ast-hfb-above-header-display":"","ast-hfb-below-header-display":"","ast-hfb-mobile-header-display":"","site-post-title":"disabled","ast-breadcrumbs-content":"","ast-featured-img":"disabled","footer-sml-layout":"","theme-transparent-header-meta":"default","adv-header-id-meta":"","stick-header-meta":"","header-above-stick-meta":"","header-main-stick-meta":"","header-below-stick-meta":"","footnotes":""},"class_list":["post-1063","page","type-page","status-publish","hentry"],"_links":{"self":[{"href":"https:\/\/vitroslab.al\/en\/wp-json\/wp\/v2\/pages\/1063","targetHints":{"allow":["GET"]}}],"collection":[{"href":"https:\/\/vitroslab.al\/en\/wp-json\/wp\/v2\/pages"}],"about":[{"href":"https:\/\/vitroslab.al\/en\/wp-json\/wp\/v2\/types\/page"}],"author":[{"embeddable":true,"href":"https:\/\/vitroslab.al\/en\/wp-json\/wp\/v2\/users\/1"}],"replies":[{"embeddable":true,"href":"https:\/\/vitroslab.al\/en\/wp-json\/wp\/v2\/comments?post=1063"}],"version-history":[{"count":5,"href":"https:\/\/vitroslab.al\/en\/wp-json\/wp\/v2\/pages\/1063\/revisions"}],"predecessor-version":[{"id":1143,"href":"https:\/\/vitroslab.al\/en\/wp-json\/wp\/v2\/pages\/1063\/revisions\/1143"}],"up":[{"embeddable":true,"href":"https:\/\/vitroslab.al\/en\/wp-json\/wp\/v2\/pages\/507"}],"wp:attachment":[{"href":"https:\/\/vitroslab.al\/en\/wp-json\/wp\/v2\/media?parent=1063"}],"curies":[{"name":"wp","href":"https:\/\/api.w.org\/{rel}","templated":true}]}}