{"id":1061,"date":"2022-10-25T09:56:29","date_gmt":"2022-10-25T09:56:29","guid":{"rendered":"https:\/\/vitroslab.al\/?page_id=1061"},"modified":"2022-10-27T10:49:34","modified_gmt":"2022-10-27T10:49:34","slug":"analiza-mikrobiologjike-te-uji-dhe-lengjeve","status":"publish","type":"page","link":"https:\/\/vitroslab.al\/en\/mikrobiologjia-e-ushqimit\/analiza-mikrobiologjike-te-uji-dhe-lengjeve\/","title":{"rendered":"Microbiological analysis of water and fluids."},"content":{"rendered":"<div data-elementor-type=\"wp-page\" data-elementor-id=\"1061\" class=\"elementor elementor-1061\">\n\t\t\t\t\t\t\t\t\t<section class=\"elementor-section elementor-top-section elementor-element elementor-element-49111689 elementor-section-content-middle elementor-section-boxed elementor-section-height-default elementor-section-height-default\" data-id=\"49111689\" data-element_type=\"section\" data-settings=\"{&quot;background_background&quot;:&quot;classic&quot;}\">\n\t\t\t\t\t\t\t<div class=\"elementor-background-overlay\"><\/div>\n\t\t\t\t\t\t\t<div class=\"elementor-container elementor-column-gap-default\">\n\t\t\t\t\t<div class=\"elementor-column elementor-col-100 elementor-top-column elementor-element elementor-element-640d7a8\" data-id=\"640d7a8\" data-element_type=\"column\">\n\t\t\t<div class=\"elementor-widget-wrap elementor-element-populated\">\n\t\t\t\t\t\t\t\t<div class=\"elementor-element elementor-element-324fc847 elementor-widget elementor-widget-heading\" data-id=\"324fc847\" data-element_type=\"widget\" data-widget_type=\"heading.default\">\n\t\t\t\t<div class=\"elementor-widget-container\">\n\t\t\t<style>\/*! elementor - v3.9.1 - 14-12-2022 *\/\n.elementor-heading-title{padding:0;margin:0;line-height:1}.elementor-widget-heading .elementor-heading-title[class*=elementor-size-]>a{color:inherit;font-size:inherit;line-height:inherit}.elementor-widget-heading .elementor-heading-title.elementor-size-small{font-size:15px}.elementor-widget-heading .elementor-heading-title.elementor-size-medium{font-size:19px}.elementor-widget-heading .elementor-heading-title.elementor-size-large{font-size:29px}.elementor-widget-heading .elementor-heading-title.elementor-size-xl{font-size:39px}.elementor-widget-heading .elementor-heading-title.elementor-size-xxl{font-size:59px}<\/style><h1 class=\"elementor-heading-title elementor-size-default\">Microbiological analysis of water and juices<\/h1>\t\t<\/div>\n\t\t\t\t<\/div>\n\t\t\t\t\t<\/div>\n\t\t<\/div>\n\t\t\t\t\t\t\t<\/div>\n\t\t<\/section>\n\t\t\t\t<section class=\"elementor-section elementor-top-section elementor-element elementor-element-570d817 elementor-section-boxed elementor-section-height-default elementor-section-height-default\" data-id=\"570d817\" data-element_type=\"section\">\n\t\t\t\t\t\t<div class=\"elementor-container elementor-column-gap-default\">\n\t\t\t\t\t<div class=\"elementor-column elementor-col-100 elementor-top-column elementor-element elementor-element-2305b85\" data-id=\"2305b85\" data-element_type=\"column\">\n\t\t\t<div class=\"elementor-widget-wrap elementor-element-populated\">\n\t\t\t\t\t\t\t\t<div class=\"elementor-element elementor-element-ebad002 elementor-widget elementor-widget-text-editor\" data-id=\"ebad002\" data-element_type=\"widget\" data-widget_type=\"text-editor.default\">\n\t\t\t\t<div class=\"elementor-widget-container\">\n\t\t\t<style>\/*! elementor - v3.9.1 - 14-12-2022 *\/\n.elementor-widget-text-editor.elementor-drop-cap-view-stacked .elementor-drop-cap{background-color:#818a91;color:#fff}.elementor-widget-text-editor.elementor-drop-cap-view-framed .elementor-drop-cap{color:#818a91;border:3px solid;background-color:transparent}.elementor-widget-text-editor:not(.elementor-drop-cap-view-default) .elementor-drop-cap{margin-top:8px}.elementor-widget-text-editor:not(.elementor-drop-cap-view-default) .elementor-drop-cap-letter{width:1em;height:1em}.elementor-widget-text-editor .elementor-drop-cap{float:left;text-align:center;line-height:1;font-size:50px}.elementor-widget-text-editor .elementor-drop-cap-letter{display:inline-block}<\/style>\t\t\t\t<!-- wp:table -->\n<figure class=\"wp-block-table\">\n<table>\n<tbody>\n<tr>\n<td>Natural water \/Underground water\/Surface water\/ Drinking water<\/td>\n<td><b>Colonies at 22\u00baC and 37\u00baC<\/b><\/td>\n<\/tr>\n<tr>\n<td>Natural water \/Underground water\/Surface water\/ Drinking water<\/td>\n<td><b>Salmonella<\/b><\/td>\n<\/tr>\n<tr>\n<td>Natural water \/Underground water\/Surface water\/ Drinking water<\/td>\n<td><b>Legionella<\/b><\/td>\n<\/tr>\n<tr>\n<td>Fruit juice<\/td>\n<td><b>Coliform<\/b><\/td>\n<\/tr>\n<tr>\n<td>Fruit juice for human consumption<\/td>\n<td><b>Colony at 30\u00baC<\/b><\/td>\n<\/tr>\n<tr>\n<td>Fruit juice<\/td>\n<td><b>Enumeration of coagulase-positive Staphylococci<\/b><\/td>\n<\/tr>\n<tr>\n<td>Fruit juice for human consumption<\/td>\n<td><b>Salmonella spp<\/b><\/td>\n<\/tr>\n<tr>\n<td>Natural water \/Underground water\/Surface water\/ Drinking water<\/td>\n<td><b>Clostridium perfringens<\/b><\/td>\n<\/tr>\n<tr>\n<td>Natural water \/Underground water\/Surface water\/ Drinking water<\/td>\n<td><b>Determination of intestinal Enterococci<\/b><\/td>\n<\/tr>\n<tr>\n<td>Fruit juice for human consumption<\/td>\n<td><b>Escherichia Coli<\/b><\/td>\n<\/tr>\n<tr>\n<td>\n<p>Fruit and vegetables, juices and nectars (including concetrates)<\/p>\n<p>Fruit juice<\/p>\n<\/td>\n<td>\n<p><b>Dedection of Listeria monocytogenes<\/b><\/p>\n<p><b>Salmonella spp<\/b><\/p>\n<\/td>\n<\/tr>\n<tr>\n<td>Natural water \/Underground water\/Surface water\/ Drinking water<\/td>\n<td><b>Determination of E.Coli &amp;Coliform<\/b><\/td>\n<\/tr>\n<\/tbody>\n<\/table>\n<\/figure>\n<!-- \/wp:table -->\t\t\t\t\t\t<\/div>\n\t\t\t\t<\/div>\n\t\t\t\t\t<\/div>\n\t\t<\/div>\n\t\t\t\t\t\t\t<\/div>\n\t\t<\/section>\n\t\t\t\t\t\t\t<\/div>","protected":false},"excerpt":{"rendered":"<p>Analiza mikrobiologjike te ujit dhe l\u00ebngjeve Uj\u00ebra natyrore\/ Uj\u00eb\u00a0 nentok\u00ebsor\/ Uj\u00eb sip\u00ebrfaq\u00ebsor \/ Uj\u00eb i pijsh\u00ebm Koloni n\u00eb 22 dhe 37\u00b0C Uj\u00ebra natyrore\/ Uj\u00eb\u00a0 nentok\u00ebsor\/ Uj\u00eb sip\u00ebrfaq\u00ebsor \/ Uj\u00eb i pijsh\u00ebm Salmonela Uj\u00ebra natyrore\/ Uj\u00eb\u00a0 nentok\u00ebsor\/ Uj\u00eb sip\u00ebrfaq\u00ebsor \/ Uj\u00eb i pijsh\u00ebm Legionella L\u00ebngje Frutash Koliforme L\u00ebngje frutash p\u00ebr konsum human Koloni n\u00eb 30 \u00b0 &hellip;<\/p>\n<p class=\"read-more\"> <a class=\"\" href=\"https:\/\/vitroslab.al\/en\/mikrobiologjia-e-ushqimit\/analiza-mikrobiologjike-te-uji-dhe-lengjeve\/\"> <span class=\"screen-reader-text\">Microbiological analysis of water and fluids.<\/span> Read More &raquo;<\/a><\/p>","protected":false},"author":1,"featured_media":0,"parent":507,"menu_order":0,"comment_status":"closed","ping_status":"closed","template":"","meta":{"site-sidebar-layout":"no-sidebar","site-content-layout":"page-builder","ast-global-header-display":"","ast-main-header-display":"","ast-hfb-above-header-display":"","ast-hfb-below-header-display":"","ast-hfb-mobile-header-display":"","site-post-title":"disabled","ast-breadcrumbs-content":"","ast-featured-img":"disabled","footer-sml-layout":"","theme-transparent-header-meta":"default","adv-header-id-meta":"","stick-header-meta":"","header-above-stick-meta":"","header-main-stick-meta":"","header-below-stick-meta":"","footnotes":""},"class_list":["post-1061","page","type-page","status-publish","hentry"],"_links":{"self":[{"href":"https:\/\/vitroslab.al\/en\/wp-json\/wp\/v2\/pages\/1061","targetHints":{"allow":["GET"]}}],"collection":[{"href":"https:\/\/vitroslab.al\/en\/wp-json\/wp\/v2\/pages"}],"about":[{"href":"https:\/\/vitroslab.al\/en\/wp-json\/wp\/v2\/types\/page"}],"author":[{"embeddable":true,"href":"https:\/\/vitroslab.al\/en\/wp-json\/wp\/v2\/users\/1"}],"replies":[{"embeddable":true,"href":"https:\/\/vitroslab.al\/en\/wp-json\/wp\/v2\/comments?post=1061"}],"version-history":[{"count":27,"href":"https:\/\/vitroslab.al\/en\/wp-json\/wp\/v2\/pages\/1061\/revisions"}],"predecessor-version":[{"id":1225,"href":"https:\/\/vitroslab.al\/en\/wp-json\/wp\/v2\/pages\/1061\/revisions\/1225"}],"up":[{"embeddable":true,"href":"https:\/\/vitroslab.al\/en\/wp-json\/wp\/v2\/pages\/507"}],"wp:attachment":[{"href":"https:\/\/vitroslab.al\/en\/wp-json\/wp\/v2\/media?parent=1061"}],"curies":[{"name":"wp","href":"https:\/\/api.w.org\/{rel}","templated":true}]}}