{"id":1012,"date":"2022-05-06T14:50:42","date_gmt":"2022-05-06T14:50:42","guid":{"rendered":"https:\/\/vitroslab.al\/?page_id=1012"},"modified":"2024-03-07T10:24:57","modified_gmt":"2024-03-07T10:24:57","slug":"analiza-fiziko-kimike-te-ujit-dhe-pijeve-alkoolike-ose-joalkoolike","status":"publish","type":"page","link":"https:\/\/vitroslab.al\/en\/analiza-fiziko-kimike-te-ujit-dhe-pijeve-alkoolike-ose-joalkoolike\/","title":{"rendered":"Physico-chemical analysis of water and alcoholic or non-alcoholic beverages"},"content":{"rendered":"<div data-elementor-type=\"wp-page\" data-elementor-id=\"1012\" class=\"elementor elementor-1012\">\n\t\t\t\t\t\t\t\t\t<section class=\"elementor-section elementor-top-section elementor-element elementor-element-2ecd1481 elementor-section-content-middle elementor-section-boxed elementor-section-height-default elementor-section-height-default\" data-id=\"2ecd1481\" data-element_type=\"section\" data-settings=\"{&quot;background_background&quot;:&quot;classic&quot;}\">\n\t\t\t\t\t\t\t<div class=\"elementor-background-overlay\"><\/div>\n\t\t\t\t\t\t\t<div class=\"elementor-container elementor-column-gap-default\">\n\t\t\t\t\t<div class=\"elementor-column elementor-col-100 elementor-top-column elementor-element elementor-element-5f63a5bc\" data-id=\"5f63a5bc\" data-element_type=\"column\">\n\t\t\t<div class=\"elementor-widget-wrap elementor-element-populated\">\n\t\t\t\t\t\t\t\t<div class=\"elementor-element elementor-element-5c0b1a6 elementor-widget elementor-widget-heading\" data-id=\"5c0b1a6\" data-element_type=\"widget\" data-widget_type=\"heading.default\">\n\t\t\t\t<div class=\"elementor-widget-container\">\n\t\t\t<style>\/*! elementor - v3.9.1 - 14-12-2022 *\/\n.elementor-heading-title{padding:0;margin:0;line-height:1}.elementor-widget-heading .elementor-heading-title[class*=elementor-size-]>a{color:inherit;font-size:inherit;line-height:inherit}.elementor-widget-heading .elementor-heading-title.elementor-size-small{font-size:15px}.elementor-widget-heading .elementor-heading-title.elementor-size-medium{font-size:19px}.elementor-widget-heading .elementor-heading-title.elementor-size-large{font-size:29px}.elementor-widget-heading .elementor-heading-title.elementor-size-xl{font-size:39px}.elementor-widget-heading .elementor-heading-title.elementor-size-xxl{font-size:59px}<\/style><h1 class=\"elementor-heading-title elementor-size-default\">Analiza fiziko-kimike t\u00eb ujit \n<\/h1>\t\t<\/div>\n\t\t\t\t<\/div>\n\t\t\t\t\t<\/div>\n\t\t<\/div>\n\t\t\t\t\t\t\t<\/div>\n\t\t<\/section>\n\t\t\t\t<section class=\"elementor-section elementor-top-section elementor-element elementor-element-8dd7490 elementor-section-boxed elementor-section-height-default elementor-section-height-default\" data-id=\"8dd7490\" data-element_type=\"section\">\n\t\t\t\t\t\t<div class=\"elementor-container elementor-column-gap-default\">\n\t\t\t\t\t<div class=\"elementor-column elementor-col-100 elementor-top-column elementor-element elementor-element-e4e3743\" data-id=\"e4e3743\" data-element_type=\"column\">\n\t\t\t<div class=\"elementor-widget-wrap elementor-element-populated\">\n\t\t\t\t\t\t\t\t<div class=\"elementor-element elementor-element-d618a7f elementor-widget elementor-widget-text-editor\" data-id=\"d618a7f\" data-element_type=\"widget\" data-widget_type=\"text-editor.default\">\n\t\t\t\t<div class=\"elementor-widget-container\">\n\t\t\t<style>\/*! elementor - v3.9.1 - 14-12-2022 *\/\n.elementor-widget-text-editor.elementor-drop-cap-view-stacked .elementor-drop-cap{background-color:#818a91;color:#fff}.elementor-widget-text-editor.elementor-drop-cap-view-framed .elementor-drop-cap{color:#818a91;border:3px solid;background-color:transparent}.elementor-widget-text-editor:not(.elementor-drop-cap-view-default) .elementor-drop-cap{margin-top:8px}.elementor-widget-text-editor:not(.elementor-drop-cap-view-default) .elementor-drop-cap-letter{width:1em;height:1em}.elementor-widget-text-editor .elementor-drop-cap{float:left;text-align:center;line-height:1;font-size:50px}.elementor-widget-text-editor .elementor-drop-cap-letter{display:inline-block}<\/style>\t\t\t\t<p>Natural water \/Underground water\/Surface water\/ Drinking water<\/p><ul><li style=\"font-weight: 400;\">PH\u00a0 \u00a0 \u00a0 \u00a0 \u00a0 \u00a0 \u00a0 \u00a0 \u00a0 \u00a0 \u00a0 \u00a0 \u00a0 \u00a0 \u00a0 \u00a0 \u00a0 \u00a0 \u00a0 \u00a0 \u00a0 \u00a0 \u00a0 \u00a0 \u00a0 \u00a0 \u00a0 \u00a0 \u00a0 \u00a0 \u00a0 \u00a0 \u00a0 \u00a0 \u00a0 \u00a0 \u00a0 \u00a0 \u00a0 \u00a0 \u00a0 \u00a0 \u00a0 \u00a0 \u00a0 \u00a0 \u00a0 \u00a0 \u00a0 \u00a0 \u00a0 \u00a0 \u00a0 \u00a0 \u00a0<\/li><li style=\"font-weight: 400;\">Konduktiviteti\u00a0 \u00a0 \u00a0 \u00a0 \u00a0 \u00a0 \u00a0 \u00a0 \u00a0 \u00a0 \u00a0 \u00a0 \u00a0 \u00a0 \u00a0 \u00a0 \u00a0 \u00a0 \u00a0 \u00a0 \u00a0 \u00a0 \u00a0 \u00a0 \u00a0 \u00a0 \u00a0 \u00a0 \u00a0 \u00a0 \u00a0 \u00a0 \u00a0 \u00a0 \u00a0 \u00a0 \u00a0 \u00a0\u00a0<\/li><li style=\"font-weight: 400;\">Do (oksigjeni i tretur)<\/li><li style=\"font-weight: 400;\">TDS (Grimca te ngurta te tretura )<\/li><li style=\"font-weight: 400;\">TSS(Grimca te ngurta ne pezulli)<\/li><li style=\"font-weight: 400;\">Cl(Klorure)<\/li><li style=\"font-weight: 400;\">Nitrite (N-NO2-)<\/li><li style=\"font-weight: 400;\">Ca<\/li><li style=\"font-weight: 400;\">Mg<\/li><li style=\"font-weight: 400;\">Fortesi totale\u00a0<\/li><li style=\"font-weight: 400;\">NH3(Amonium)<\/li><li style=\"font-weight: 400;\">Al<\/li><li style=\"font-weight: 400;\">K<\/li><li style=\"font-weight: 400;\">Cr<\/li><li style=\"font-weight: 400;\">Fe<\/li><li style=\"font-weight: 400;\">Ni<\/li><li style=\"font-weight: 400;\">Zn<\/li><li style=\"font-weight: 400;\">Mn<\/li><li style=\"font-weight: 400;\">Fe<\/li><li style=\"font-weight: 400;\">\u00a0Ni<\/li><li style=\"font-weight: 400;\">Zn<\/li><li style=\"font-weight: 400;\">Mn<\/li><li style=\"font-weight: 400;\">Cd<\/li><li style=\"font-weight: 400;\">Pb<\/li><li style=\"font-weight: 400;\">Li<\/li><li style=\"font-weight: 400;\">Na<\/li><\/ul><p style=\"font-weight: 400;\">\u00a0<\/p><p style=\"font-weight: 400;\">\u00a0<\/p>\t\t\t\t\t\t<\/div>\n\t\t\t\t<\/div>\n\t\t\t\t\t<\/div>\n\t\t<\/div>\n\t\t\t\t\t\t\t<\/div>\n\t\t<\/section>\n\t\t\t\t\t\t\t<\/div>","protected":false},"excerpt":{"rendered":"<p>Analiza fiziko-kimike t\u00eb ujit Uj\u00ebra natyrore\/ Uj\u00eb\u00a0 nentok\u00ebsor\/ Uj\u00eb sip\u00ebrfaq\u00ebsor \/ Uj\u00eb i pijsh\u00ebm PH\u00a0 \u00a0 \u00a0 \u00a0 \u00a0 \u00a0 \u00a0 \u00a0 \u00a0 \u00a0 \u00a0 \u00a0 \u00a0 \u00a0 \u00a0 \u00a0 \u00a0 \u00a0 \u00a0 \u00a0 \u00a0 \u00a0 \u00a0 \u00a0 \u00a0 \u00a0 \u00a0 \u00a0 \u00a0 \u00a0 \u00a0 \u00a0 \u00a0 \u00a0 \u00a0 \u00a0 \u00a0 \u00a0 \u00a0 \u00a0 \u00a0 &hellip;<\/p>\n<p class=\"read-more\"> <a class=\"\" href=\"https:\/\/vitroslab.al\/en\/analiza-fiziko-kimike-te-ujit-dhe-pijeve-alkoolike-ose-joalkoolike\/\"> <span class=\"screen-reader-text\">Physico-chemical analysis of water and alcoholic or non-alcoholic beverages<\/span> Read More &raquo;<\/a><\/p>","protected":false},"author":1,"featured_media":0,"parent":0,"menu_order":0,"comment_status":"closed","ping_status":"closed","template":"","meta":{"site-sidebar-layout":"no-sidebar","site-content-layout":"page-builder","ast-global-header-display":"","ast-main-header-display":"","ast-hfb-above-header-display":"","ast-hfb-below-header-display":"","ast-hfb-mobile-header-display":"","site-post-title":"disabled","ast-breadcrumbs-content":"","ast-featured-img":"disabled","footer-sml-layout":"","theme-transparent-header-meta":"","adv-header-id-meta":"","stick-header-meta":"","header-above-stick-meta":"","header-main-stick-meta":"","header-below-stick-meta":"","footnotes":""},"class_list":["post-1012","page","type-page","status-publish","hentry"],"_links":{"self":[{"href":"https:\/\/vitroslab.al\/en\/wp-json\/wp\/v2\/pages\/1012","targetHints":{"allow":["GET"]}}],"collection":[{"href":"https:\/\/vitroslab.al\/en\/wp-json\/wp\/v2\/pages"}],"about":[{"href":"https:\/\/vitroslab.al\/en\/wp-json\/wp\/v2\/types\/page"}],"author":[{"embeddable":true,"href":"https:\/\/vitroslab.al\/en\/wp-json\/wp\/v2\/users\/1"}],"replies":[{"embeddable":true,"href":"https:\/\/vitroslab.al\/en\/wp-json\/wp\/v2\/comments?post=1012"}],"version-history":[{"count":11,"href":"https:\/\/vitroslab.al\/en\/wp-json\/wp\/v2\/pages\/1012\/revisions"}],"predecessor-version":[{"id":1266,"href":"https:\/\/vitroslab.al\/en\/wp-json\/wp\/v2\/pages\/1012\/revisions\/1266"}],"wp:attachment":[{"href":"https:\/\/vitroslab.al\/en\/wp-json\/wp\/v2\/media?parent=1012"}],"curies":[{"name":"wp","href":"https:\/\/api.w.org\/{rel}","templated":true}]}}